{"id":372,"date":"2024-05-27T20:03:32","date_gmt":"2024-05-27T18:03:32","guid":{"rendered":"https:\/\/panndorfunicate.de\/?page_id=372"},"modified":"2024-06-06T11:25:27","modified_gmt":"2024-06-06T09:25:27","slug":"gefraeste-sandsteinplatten-und-steine","status":"publish","type":"page","link":"https:\/\/panndorfunicate.de\/index.php\/gefraeste-sandsteinplatten-und-steine\/","title":{"rendered":"Gefraeste Sandsteinplatten und Steine"},"content":{"rendered":"\n<h1 class=\"wp-block-heading has-text-align-center\">Diamant gefr\u00e4ste Sandsteinplatten und Steine<\/h1>\n\n\n\n<div class=\"wp-block-columns are-vertically-aligned-center is-layout-flex wp-container-core-columns-is-layout-9d6595d7 wp-block-columns-is-layout-flex\">\n<div class=\"wp-block-column is-vertically-aligned-center is-layout-flow wp-block-column-is-layout-flow\">\n<p class=\"has-text-align-center\">Neben Sandsteinplatten k\u00f6nnen auch Steine nach Ihren Vorstellungen gestaltet werden. Gerne k\u00f6nnen Sie mir auch Ihre individuellen W\u00fcnsche und Vorstellungen zusenden.<\/p>\n<\/div>\n<\/div>\n\n\n\n<h2 class=\"wp-block-heading has-text-align-center\">Impressionen<\/h2>\n\n\n\n<figure class=\"wp-block-gallery has-nested-images columns-default is-cropped wp-block-gallery-1 is-layout-flex wp-block-gallery-is-layout-flex\">\n<figure class=\"wp-block-image size-large\"><img loading=\"lazy\" decoding=\"async\" width=\"768\" height=\"1024\" data-id=\"332\" src=\"http:\/\/panndorfunicate.de\/wp-content\/uploads\/2024\/05\/20221022_162102-768x1024.jpg\" alt=\"\" class=\"wp-image-332\"\/><\/figure>\n\n\n\n<figure class=\"wp-block-image size-large\"><img loading=\"lazy\" decoding=\"async\" width=\"1024\" height=\"768\" data-id=\"344\" src=\"http:\/\/panndorfunicate.de\/wp-content\/uploads\/2024\/05\/20210815_145555-scaled-e1716829519906-1024x768.jpg\" alt=\"\" class=\"wp-image-344\"\/><\/figure>\n<\/figure>\n","protected":false},"excerpt":{"rendered":"<p>Diamant gefr\u00e4ste Sandsteinplatten und Steine Neben Sandsteinplatten k\u00f6nnen auch Steine nach Ihren Vorstellungen gestaltet werden. Gerne k\u00f6nnen Sie mir auch Ihre individuellen W\u00fcnsche und Vorstellungen zusenden. Impressionen<\/p>\n","protected":false},"author":1,"featured_media":0,"parent":0,"menu_order":0,"comment_status":"closed","ping_status":"closed","template":"page-fullwidth.php","meta":{"footnotes":""},"class_list":["post-372","page","type-page","status-publish","hentry"],"_links":{"self":[{"href":"https:\/\/panndorfunicate.de\/index.php\/wp-json\/wp\/v2\/pages\/372","targetHints":{"allow":["GET"]}}],"collection":[{"href":"https:\/\/panndorfunicate.de\/index.php\/wp-json\/wp\/v2\/pages"}],"about":[{"href":"https:\/\/panndorfunicate.de\/index.php\/wp-json\/wp\/v2\/types\/page"}],"author":[{"embeddable":true,"href":"https:\/\/panndorfunicate.de\/index.php\/wp-json\/wp\/v2\/users\/1"}],"replies":[{"embeddable":true,"href":"https:\/\/panndorfunicate.de\/index.php\/wp-json\/wp\/v2\/comments?post=372"}],"version-history":[{"count":4,"href":"https:\/\/panndorfunicate.de\/index.php\/wp-json\/wp\/v2\/pages\/372\/revisions"}],"predecessor-version":[{"id":509,"href":"https:\/\/panndorfunicate.de\/index.php\/wp-json\/wp\/v2\/pages\/372\/revisions\/509"}],"wp:attachment":[{"href":"https:\/\/panndorfunicate.de\/index.php\/wp-json\/wp\/v2\/media?parent=372"}],"curies":[{"name":"wp","href":"https:\/\/api.w.org\/{rel}","templated":true}]}}