{"id":206,"date":"2020-06-03T08:16:39","date_gmt":"2020-06-03T08:16:39","guid":{"rendered":"https:\/\/themesarea.com\/joyelle\/?page_id=2"},"modified":"2024-06-14T07:05:26","modified_gmt":"2024-06-14T05:05:26","slug":"homepage","status":"publish","type":"page","link":"https:\/\/panndorfunicate.de\/","title":{"rendered":"homepage"},"content":{"rendered":"\n<p class=\"has-text-align-center\">Hier finden Sie die aktuellsten Skulpturen und Werke von mir. Sie haben Interesse an einer Beton- Stahlbetonb\u00fcste oder Skulptur? Einer diamant gefr\u00e4sten Sandstein- oder Steinplatte? Orts- oder Gedenksteine? Schneefiguren oder K\u00fcrbisschnitzereien? Schreiben Sie mir doch gerne!<\/p>\n\n\n\n<div class=\"wp-block-columns is-layout-flex wp-container-core-columns-is-layout-9d6595d7 wp-block-columns-is-layout-flex\">\n<div class=\"wp-block-column is-layout-flow wp-block-column-is-layout-flow\" style=\"flex-basis:100%\">\n<div class=\"wp-block-group\"><div class=\"wp-block-group__inner-container is-layout-constrained wp-block-group-is-layout-constrained\">\n<div class=\"wp-block-columns is-layout-flex wp-container-core-columns-is-layout-9d6595d7 wp-block-columns-is-layout-flex\">\n<div class=\"wp-block-column is-layout-flow wp-block-column-is-layout-flow\">\n<figure class=\"wp-block-image size-large\"><img loading=\"lazy\" decoding=\"async\" width=\"768\" height=\"1024\" src=\"http:\/\/panndorfunicate.de\/wp-content\/uploads\/2024\/05\/Max-Maus_Bild-4-edited-768x1024.jpg\" alt=\"\" class=\"wp-image-321\" srcset=\"https:\/\/panndorfunicate.de\/wp-content\/uploads\/2024\/05\/Max-Maus_Bild-4-edited-768x1024.jpg 768w, https:\/\/panndorfunicate.de\/wp-content\/uploads\/2024\/05\/Max-Maus_Bild-4-edited-225x300.jpg 225w, https:\/\/panndorfunicate.de\/wp-content\/uploads\/2024\/05\/Max-Maus_Bild-4-edited-1152x1536.jpg 1152w, https:\/\/panndorfunicate.de\/wp-content\/uploads\/2024\/05\/Max-Maus_Bild-4-edited-1200x1600.jpg 1200w, https:\/\/panndorfunicate.de\/wp-content\/uploads\/2024\/05\/Max-Maus_Bild-4-edited-800x1067.jpg 800w, https:\/\/panndorfunicate.de\/wp-content\/uploads\/2024\/05\/Max-Maus_Bild-4-edited.jpg 1296w\" sizes=\"auto, (max-width: 768px) 100vw, 768px\" \/><\/figure>\n<\/div>\n\n\n\n<div class=\"wp-block-column is-layout-flow wp-block-column-is-layout-flow\">\n<figure class=\"wp-block-image size-large is-resized\"><img loading=\"lazy\" decoding=\"async\" width=\"768\" height=\"1024\" src=\"http:\/\/panndorfunicate.de\/wp-content\/uploads\/2024\/05\/20220505_213543-768x1024.jpg\" alt=\"\" class=\"wp-image-316\" style=\"width:480px;height:auto\"\/><\/figure>\n<\/div>\n\n\n\n<div class=\"wp-block-column is-layout-flow wp-block-column-is-layout-flow\">\n<figure class=\"wp-block-image size-large is-resized\"><img decoding=\"async\" src=\"https:\/\/panndorfunicate.de\/wp-content\/uploads\/2024\/05\/IMG-20201112-WA0002-edited.jpg\" alt=\"\" class=\"wp-image-322\" style=\"width:425px;height:auto\"\/><\/figure>\n<\/div>\n<\/div>\n<\/div><\/div>\n\n\n\n<div style=\"height:40px\" aria-hidden=\"true\" class=\"wp-block-spacer\"><\/div>\n<\/div>\n<\/div>\n\n\n\n<div style=\"height:0px\" aria-hidden=\"true\" class=\"wp-block-spacer\"><\/div>\n\n\n\n<div class=\"wp-block-smart-gutenberg-blocks-block-smart-gutengerb-imagetext sg-imagetext sg-imagetext--style2\"><div class=\"sg-imagetext__inner\"><div class=\"sg-imagetext__image\"><img decoding=\"async\" src=\"http:\/\/panndorfunicate.de\/wp-content\/uploads\/2024\/05\/65c7cd6bb5367.jpg\"\/><span><\/span><\/div><div class=\"sg-imagetext__content\"><h2 class=\"sg-imagetext__title\">\u00dcber mich<\/h2><div class=\"sg-imagetext__text\"><p>\u201eIch m\u00f6chte keinen einfachen Schneemann mehr! Bau doch mal was anderes.\u201d, sagte meine Tochter 1996 im Februar. Und so fing ich an, Schneeskulpturen zu bauen, sp\u00e4ter dann K\u00fcrbisse zu schnitzen und schlie\u00dflich Stahlbetonfiguren zu bauen.\nEs soll aber noch nicht das Ende der Fahnenstange sein, man entwickelt sich ja schlie\u00dflich immer weiter. Viel Spa\u00df w\u00fcnsche ich Ihnen beim Anschauen der Bilder meiner bisherigen Projekte.\n \nVielleicht entsteht dabei ein gemeinsames Projekt mit Ihnen. \n~ Ulf Fritz Panndorf <\/p><\/div><div class=\"sg-imagetext__button\"><a class=\"sg-imagetext__link\" href=\"https:\/\/panndorfunicate.de\/index.php\/contact\/\">Jetzt kontaktieren<\/a><\/div><\/div><\/div><\/div>\n\n\n\n<div style=\"height:40px\" aria-hidden=\"true\" class=\"wp-block-spacer\"><\/div>\n\n\n\n<h1 class=\"wp-block-heading has-text-align-center\">Meine Dienstleistungen<\/h1>\n\n\n\n<div class=\"wp-block-smart-gutenberg-blocks-block-smart-gutengerb-imagetext sg-imagetext sg-imagetext--style1\"><div class=\"sg-imagetext__inner\"><div class=\"sg-imagetext__image\"><img decoding=\"async\" src=\"http:\/\/panndorfunicate.de\/wp-content\/uploads\/2024\/05\/IMG-20201112-WA0021.jpg\"\/><span><\/span><\/div><div class=\"sg-imagetext__content\"><h2 class=\"sg-imagetext__title\">Beton-\/Stahlbetonb\u00fcsten und komplette Skulpturen<\/h2><div class=\"sg-imagetext__text\"><p>Neben B\u00fcsten biete ich auch komplette Skulpturen nach Ihren W\u00fcnschen an. Mein bisher aufwendigstes Werk, eine Darstellung von Goethe mit dem Pohlitzer Meteorit, steht seit 2019 im Zentrum von Pohlitz. <\/p><\/div><div class=\"sg-imagetext__button\"><a class=\"sg-imagetext__link\" href=\"https:\/\/panndorfunicate.de\/index.php\/stahlbeton\/\">Mehr dazu<\/a><\/div><\/div><\/div><\/div>\n\n\n\n<div class=\"wp-block-smart-gutenberg-blocks-block-smart-gutengerb-imagetext sg-imagetext sg-imagetext--style2\"><div class=\"sg-imagetext__inner\"><div class=\"sg-imagetext__image\"><img decoding=\"async\" src=\"http:\/\/panndorfunicate.de\/wp-content\/uploads\/2024\/05\/20221022_162102-scaled.jpg\"\/><span><\/span><\/div><div class=\"sg-imagetext__content\"><h2 class=\"sg-imagetext__title\">Diamant gefr\u00e4ste Sandsteinplatten und Steine<\/h2><div class=\"sg-imagetext__text\"><p>Neben Sandsteinplatten k\u00f6nnen auch Steine nach Ihren Vorstellungen gestaltet werden. Gerne k\u00f6nnen Sie mir auch Ihre individuellen W\u00fcnsche und Vorstellungen zusenden.<\/p><\/div><div class=\"sg-imagetext__button\"><a class=\"sg-imagetext__link\" href=\"https:\/\/panndorfunicate.de\/index.php\/gefraeste-sandsteinplatten-und-steine\/\">Mehr dazu<\/a><\/div><\/div><\/div><\/div>\n\n\n\n<div class=\"wp-block-smart-gutenberg-blocks-block-smart-gutengerb-imagetext sg-imagetext sg-imagetext--style1\"><div class=\"sg-imagetext__inner\"><div class=\"sg-imagetext__image\"><img decoding=\"async\" src=\"http:\/\/panndorfunicate.de\/wp-content\/uploads\/2024\/05\/IMG-20201112-WA0003-e1716819246570.jpg\"\/><span><\/span><\/div><div class=\"sg-imagetext__content\"><h2 class=\"sg-imagetext__title\">Orts-, Erinnerungs- und Gedenksteine<\/h2><div class=\"sg-imagetext__text\"><p>Ihre Gemeinde oder Verein sucht nach einer M\u00f6glichkeit ein historisches Ereignis Besuchern zu zeigen oder m\u00f6chten den Helfern und Sponsoren Ihres neuen Vereinsheims danken? Wie w\u00e4re es mit einem entsprechendem Gedenkstein?<\/p><\/div><div class=\"sg-imagetext__button\"><a class=\"sg-imagetext__link\" href=\"https:\/\/panndorfunicate.de\/index.php\/orts-erinnerungs-und-gedenksteine\/\">Mehr dazu<\/a><\/div><\/div><\/div><\/div>\n\n\n\n<div class=\"wp-block-smart-gutenberg-blocks-block-smart-gutengerb-imagetext sg-imagetext sg-imagetext--style2\"><div class=\"sg-imagetext__inner\"><div class=\"sg-imagetext__image\"><img decoding=\"async\" src=\"http:\/\/panndorfunicate.de\/wp-content\/uploads\/2024\/05\/20211126_133359-scaled.jpg\"\/><span><\/span><\/div><div class=\"sg-imagetext__content\"><h2 class=\"sg-imagetext__title\">Schneefiguren<\/h2><div class=\"sg-imagetext__text\"><p>Ein ganz spezieller Blickfang f\u00fcr den Winter? Schneefiguren direkt bei Ihnen vor Ort nach Ihren Vorgaben und W\u00fcnschen.<\/p><\/div><div class=\"sg-imagetext__button\"><a class=\"sg-imagetext__link\" href=\"https:\/\/panndorfunicate.de\/index.php\/schneefiguren\/\">Mehr dazu<\/a><\/div><\/div><\/div><\/div>\n\n\n\n<div class=\"wp-block-smart-gutenberg-blocks-block-smart-gutengerb-imagetext sg-imagetext sg-imagetext--style1\"><div class=\"sg-imagetext__inner\"><div class=\"sg-imagetext__image\"><img decoding=\"async\" src=\"http:\/\/panndorfunicate.de\/wp-content\/uploads\/2024\/05\/20220920_121040-scaled-e1716819601557.jpg\"\/><span><\/span><\/div><div class=\"sg-imagetext__content\"><h2 class=\"sg-imagetext__title\">K\u00fcrbisschnitzereien<\/h2><div class=\"sg-imagetext__text\"><p>Was passt besser zu einer Herbstveranstaltung als ein handgeschnitzter K\u00fcrbis? <\/p><\/div><div class=\"sg-imagetext__button\"><a class=\"sg-imagetext__link\" href=\"https:\/\/panndorfunicate.de\/index.php\/kuerbisschnitzereien\/\">Mehr dazu<\/a><\/div><\/div><\/div><\/div>\n\n\n\n<div style=\"height:60px\" aria-hidden=\"true\" class=\"wp-block-spacer\"><\/div>\n\n\n\n<hr class=\"wp-block-separator has-alpha-channel-opacity\"\/>\n\n\n\n<div style=\"height:40px\" aria-hidden=\"true\" class=\"wp-block-spacer\"><\/div>\n\n\n\n<div class=\"wp-block-smart-gutenberg-blocks-block-smart-gutengerb-imagetext sg-imagetext sg-imagetext--style2\"><div class=\"sg-imagetext__inner\"><div class=\"sg-imagetext__image\"><img decoding=\"async\" src=\"http:\/\/panndorfunicate.de\/wp-content\/uploads\/2020\/06\/slider3.jpg\"\/><span><\/span><\/div><div class=\"sg-imagetext__content\"><h2 class=\"sg-imagetext__title\">Kontaktieren Sie mich unverbindlich<\/h2><div class=\"sg-imagetext__text\"><p>Sie haben ein konkretes Projekt, einen Anlass f\u00fcr den Sie noch nach einem echtem Highlight suchen oder eine grobe Idee? Lassen Sie uns gerne dar\u00fcber sprechen.<\/p><\/div><div class=\"sg-imagetext__button\"><a class=\"sg-imagetext__link\" href=\"https:\/\/panndorfunicate.de\/index.php\/contact\/\">Kontakt<\/a><\/div><\/div><\/div><\/div>\n","protected":false},"excerpt":{"rendered":"<p>Hier finden Sie die aktuellsten Skulpturen und Werke von mir. Sie haben Interesse an einer Beton- Stahlbetonb\u00fcste oder Skulptur? Einer diamant gefr\u00e4sten Sandstein- oder Steinplatte? Orts- oder Gedenksteine? Schneefiguren oder K\u00fcrbisschnitzereien? Schreiben Sie mir doch gerne! Meine Dienstleistungen<\/p>\n","protected":false},"author":1,"featured_media":131,"parent":0,"menu_order":0,"comment_status":"closed","ping_status":"closed","template":"page-fullwidth.php","meta":{"footnotes":""},"class_list":["post-206","page","type-page","status-publish","has-post-thumbnail","hentry"],"_links":{"self":[{"href":"https:\/\/panndorfunicate.de\/index.php\/wp-json\/wp\/v2\/pages\/206","targetHints":{"allow":["GET"]}}],"collection":[{"href":"https:\/\/panndorfunicate.de\/index.php\/wp-json\/wp\/v2\/pages"}],"about":[{"href":"https:\/\/panndorfunicate.de\/index.php\/wp-json\/wp\/v2\/types\/page"}],"author":[{"embeddable":true,"href":"https:\/\/panndorfunicate.de\/index.php\/wp-json\/wp\/v2\/users\/1"}],"replies":[{"embeddable":true,"href":"https:\/\/panndorfunicate.de\/index.php\/wp-json\/wp\/v2\/comments?post=206"}],"version-history":[{"count":34,"href":"https:\/\/panndorfunicate.de\/index.php\/wp-json\/wp\/v2\/pages\/206\/revisions"}],"predecessor-version":[{"id":565,"href":"https:\/\/panndorfunicate.de\/index.php\/wp-json\/wp\/v2\/pages\/206\/revisions\/565"}],"wp:featuredmedia":[{"embeddable":true,"href":"https:\/\/panndorfunicate.de\/index.php\/wp-json\/wp\/v2\/media\/131"}],"wp:attachment":[{"href":"https:\/\/panndorfunicate.de\/index.php\/wp-json\/wp\/v2\/media?parent=206"}],"curies":[{"name":"wp","href":"https:\/\/api.w.org\/{rel}","templated":true}]}}